{"id":20695,"date":"2021-10-18T15:18:50","date_gmt":"2021-10-18T18:18:50","guid":{"rendered":"https:\/\/www.indef.internationalservices.com.ar\/?post_type=product&#038;p=20695"},"modified":"2021-11-10T14:22:25","modified_gmt":"2021-11-10T17:22:25","slug":"m-108","status":"publish","type":"product","link":"https:\/\/www.indef.com.ar\/?product=m-108","title":{"rendered":"M-108"},"content":{"rendered":"","protected":false},"excerpt":{"rendered":"<p>Temperatura M\u00e1xima: 1300\u00baC.<br \/>\nC\u00e1mara de calentamiento: 60cm. ancho x 30cm. Alto x 60cm. fondo.<br \/>\nMedidas Exteriores: 150cm. ancho x 177cm. Alto x 129cm. fondo.<br \/>\nCapacidad en litros: 108 litros.<br \/>\nCapacidad de carga: 36 crisoles \u00d890mm. Alto 200mm.<br \/>\nCapacidad de carga en kilos: 78Kg.<br \/>\nPeso: 900kg aproximados.<br \/>\nAlimentaci\u00f3n: 380V c\/Neutro.<br \/>\nPotencia instalada: 23kw.<br \/>\nM\u00f3dulo de control: Adosado al lateral del horno. Contiene: Programador DH-101.<br \/>\nM\u00f3dulo de potencia: Adosado al lateral del horno. Contiene: Rel\u00e9s de estado de s\u00f3lido de potencia, 3 amper\u00edmetros y llave interruptora general.<br \/>\nSalida de gases: Codo de 2&#8243; gas.<\/p>\n","protected":false},"featured_media":20699,"comment_status":"open","ping_status":"closed","template":"","meta":[],"product_cat":[130,134,94],"product_tag":[],"_links":{"self":[{"href":"https:\/\/www.indef.com.ar\/index.php?rest_route=\/wp\/v3\/product\/20695"}],"collection":[{"href":"https:\/\/www.indef.com.ar\/index.php?rest_route=\/wp\/v3\/product"}],"about":[{"href":"https:\/\/www.indef.com.ar\/index.php?rest_route=\/wp\/v2\/types\/product"}],"replies":[{"embeddable":true,"href":"https:\/\/www.indef.com.ar\/index.php?rest_route=%2Fwp%2Fv2%2Fcomments&post=20695"}],"wp:featuredmedia":[{"embeddable":true,"href":"https:\/\/www.indef.com.ar\/index.php?rest_route=\/wp\/v2\/media\/20699"}],"wp:attachment":[{"href":"https:\/\/www.indef.com.ar\/index.php?rest_route=%2Fwp%2Fv2%2Fmedia&parent=20695"}],"wp:term":[{"taxonomy":"product_cat","embeddable":true,"href":"https:\/\/www.indef.com.ar\/index.php?rest_route=%2Fwp%2Fv2%2Fproduct_cat&post=20695"},{"taxonomy":"product_tag","embeddable":true,"href":"https:\/\/www.indef.com.ar\/index.php?rest_route=%2Fwp%2Fv2%2Fproduct_tag&post=20695"}],"curies":[{"name":"wp","href":"https:\/\/api.w.org\/{rel}","templated":true}]}}