{"id":20680,"date":"2021-10-18T14:57:31","date_gmt":"2021-10-18T17:57:31","guid":{"rendered":"https:\/\/www.indef.internationalservices.com.ar\/?post_type=product&#038;p=20680"},"modified":"2021-11-10T14:22:27","modified_gmt":"2021-11-10T17:22:27","slug":"m-27","status":"publish","type":"product","link":"https:\/\/www.indef.com.ar\/?product=m-27","title":{"rendered":"M-27"},"content":{"rendered":"","protected":false},"excerpt":{"rendered":"<p>Temperatura M\u00e1xima: 1300\u00baC.<br \/>\nC\u00e1mara de calentamiento: 30cm. ancho x 30cm. Alto x 30cm. fondo.<br \/>\nMedidas Exteriores: 120cm. ancho x 177cm. Alto x 99cm. fondo.<br \/>\nCapacidad en litros: 27 litros.<br \/>\nCapacidad de carga: 9 crisoles \u00d890mm. Alto 200mm.<br \/>\nCapacidad de carga en kilos: 20Kg.<br \/>\nPeso: 200kg aproximados.<br \/>\nAlimentaci\u00f3n: 380V c\/Neutro.<br \/>\nPotencia instalada: 7kw. \/ 12Amp.<br \/>\nM\u00f3dulo de control: Adosado al lateral del horno. Contiene: Programador DH-101.<br \/>\nM\u00f3dulo de potencia: Adosado al lateral del horno. Contiene: Rel\u00e9s de estado de s\u00f3lido de potencia, llave interruptora general.<br \/>\nSalida de gases: Codo de 2&#8243; gas.<\/p>\n","protected":false},"featured_media":20684,"comment_status":"open","ping_status":"closed","template":"","meta":[],"product_cat":[130,134,94],"product_tag":[],"_links":{"self":[{"href":"https:\/\/www.indef.com.ar\/index.php?rest_route=\/wp\/v3\/product\/20680"}],"collection":[{"href":"https:\/\/www.indef.com.ar\/index.php?rest_route=\/wp\/v3\/product"}],"about":[{"href":"https:\/\/www.indef.com.ar\/index.php?rest_route=\/wp\/v2\/types\/product"}],"replies":[{"embeddable":true,"href":"https:\/\/www.indef.com.ar\/index.php?rest_route=%2Fwp%2Fv2%2Fcomments&post=20680"}],"wp:featuredmedia":[{"embeddable":true,"href":"https:\/\/www.indef.com.ar\/index.php?rest_route=\/wp\/v2\/media\/20684"}],"wp:attachment":[{"href":"https:\/\/www.indef.com.ar\/index.php?rest_route=%2Fwp%2Fv2%2Fmedia&parent=20680"}],"wp:term":[{"taxonomy":"product_cat","embeddable":true,"href":"https:\/\/www.indef.com.ar\/index.php?rest_route=%2Fwp%2Fv2%2Fproduct_cat&post=20680"},{"taxonomy":"product_tag","embeddable":true,"href":"https:\/\/www.indef.com.ar\/index.php?rest_route=%2Fwp%2Fv2%2Fproduct_tag&post=20680"}],"curies":[{"name":"wp","href":"https:\/\/api.w.org\/{rel}","templated":true}]}}