{"id":20656,"date":"2021-10-18T13:40:03","date_gmt":"2021-10-18T16:40:03","guid":{"rendered":"https:\/\/www.indef.internationalservices.com.ar\/?post_type=product&#038;p=20656"},"modified":"2024-10-07T13:09:49","modified_gmt":"2024-10-07T16:09:49","slug":"hr40700-para-1500oc","status":"publish","type":"product","link":"https:\/\/www.indef.com.ar\/?product=hr40700-para-1500oc","title":{"rendered":"HR40700 para 1500\u00baC"},"content":{"rendered":"","protected":false},"excerpt":{"rendered":"<p>Temperatura m\u00e1xima: 1500\u00baC por per\u00edodos de 8 horas.<br \/>\nTemperatura de r\u00e9gimen: 1450\u00baC.<br \/>\nMufla cil\u00edndrica (de \u00faltima generaci\u00f3n) formada por dos medias ca\u00f1as, fabricada en fibra cer\u00e1mica conformada al vac\u00edo (sistema vacuum forming), sin utilizaci\u00f3n de aglomerantes org\u00e1nicos, lo que le asegura la perdurabilidad de las caracter\u00edsticas de la mufla, no se desgrana, ni se oscurece. .Baja inercia t\u00e9rmica (calienta r\u00e1pido, enfr\u00eda r\u00e1pido).<br \/>\nElemento calefactor. Tubo de carburo de silicio origen Alemania, de di\u00e1metro interior 40 mm y largo 700mm. zona de calefacci\u00f3n largo 500 mm.<br \/>\nAislaci\u00f3n de fibra cer\u00e1mica para altas temperatura.<br \/>\nAlimentaci\u00f3n: 220v c\/ tierra 50Hz.<br \/>\nPotencia: 8 KW. Aproximado.<\/p>\n","protected":false},"featured_media":20660,"comment_status":"open","ping_status":"closed","template":"","meta":[],"product_cat":[126,135,79],"product_tag":[],"_links":{"self":[{"href":"https:\/\/www.indef.com.ar\/index.php?rest_route=\/wp\/v3\/product\/20656"}],"collection":[{"href":"https:\/\/www.indef.com.ar\/index.php?rest_route=\/wp\/v3\/product"}],"about":[{"href":"https:\/\/www.indef.com.ar\/index.php?rest_route=\/wp\/v2\/types\/product"}],"replies":[{"embeddable":true,"href":"https:\/\/www.indef.com.ar\/index.php?rest_route=%2Fwp%2Fv2%2Fcomments&post=20656"}],"wp:featuredmedia":[{"embeddable":true,"href":"https:\/\/www.indef.com.ar\/index.php?rest_route=\/wp\/v2\/media\/20660"}],"wp:attachment":[{"href":"https:\/\/www.indef.com.ar\/index.php?rest_route=%2Fwp%2Fv2%2Fmedia&parent=20656"}],"wp:term":[{"taxonomy":"product_cat","embeddable":true,"href":"https:\/\/www.indef.com.ar\/index.php?rest_route=%2Fwp%2Fv2%2Fproduct_cat&post=20656"},{"taxonomy":"product_tag","embeddable":true,"href":"https:\/\/www.indef.com.ar\/index.php?rest_route=%2Fwp%2Fv2%2Fproduct_tag&post=20656"}],"curies":[{"name":"wp","href":"https:\/\/api.w.org\/{rel}","templated":true}]}}