{"id":20438,"date":"2021-07-07T12:34:46","date_gmt":"2021-07-07T15:34:46","guid":{"rendered":"https:\/\/www.indef.internationalservices.com.ar\/?post_type=product&#038;p=20438"},"modified":"2021-12-28T11:47:18","modified_gmt":"2021-12-28T14:47:18","slug":"c-35","status":"publish","type":"product","link":"https:\/\/www.indef.com.ar\/?product=c-35","title":{"rendered":"C-35"},"content":{"rendered":"","protected":false},"excerpt":{"rendered":"<p>Medidas del crisol A 200\/300: A 200: \u00d840cm. Boca x 50cm. alto x \u00d828, 5cm. base \/ A 300: \u00d844cm. Boca x 54cm. alto x \u00d831, 5cm. base.<br \/>\nCapacidad A 200: 25 litros o 205kg. De bronce \/ 67,5kg. De aluminio.<br \/>\nCapacidad A 300: 37,5 litros o 307kg. De bronce \/101,2kg. De aluminio.<br \/>\nPotencia: 26kw.<br \/>\nTemperatura m\u00e1xima: 1250\u00baC.<br \/>\nTemperatura m\u00e1xima de ba\u00f1o de fusi\u00f3n: 1200\u00baC.<br \/>\nAlimentaci\u00f3n: 3 x 380V c\/N.<br \/>\nPeso: 400kg.<br \/>\nDimensiones exteriores: 130,2cm. Ancho x 107,9cm. Alto x 137,3cm. Profundo.<\/p>\n","protected":false},"featured_media":20439,"comment_status":"open","ping_status":"closed","template":"","meta":[],"product_cat":[134,96],"product_tag":[],"_links":{"self":[{"href":"https:\/\/www.indef.com.ar\/index.php?rest_route=\/wp\/v3\/product\/20438"}],"collection":[{"href":"https:\/\/www.indef.com.ar\/index.php?rest_route=\/wp\/v3\/product"}],"about":[{"href":"https:\/\/www.indef.com.ar\/index.php?rest_route=\/wp\/v2\/types\/product"}],"replies":[{"embeddable":true,"href":"https:\/\/www.indef.com.ar\/index.php?rest_route=%2Fwp%2Fv2%2Fcomments&post=20438"}],"wp:featuredmedia":[{"embeddable":true,"href":"https:\/\/www.indef.com.ar\/index.php?rest_route=\/wp\/v2\/media\/20439"}],"wp:attachment":[{"href":"https:\/\/www.indef.com.ar\/index.php?rest_route=%2Fwp%2Fv2%2Fmedia&parent=20438"}],"wp:term":[{"taxonomy":"product_cat","embeddable":true,"href":"https:\/\/www.indef.com.ar\/index.php?rest_route=%2Fwp%2Fv2%2Fproduct_cat&post=20438"},{"taxonomy":"product_tag","embeddable":true,"href":"https:\/\/www.indef.com.ar\/index.php?rest_route=%2Fwp%2Fv2%2Fproduct_tag&post=20438"}],"curies":[{"name":"wp","href":"https:\/\/api.w.org\/{rel}","templated":true}]}}