{"id":20434,"date":"2021-07-07T12:27:16","date_gmt":"2021-07-07T15:27:16","guid":{"rendered":"https:\/\/www.indef.internationalservices.com.ar\/?post_type=product&#038;p=20434"},"modified":"2023-01-16T12:40:43","modified_gmt":"2023-01-16T15:40:43","slug":"c-25","status":"publish","type":"product","link":"https:\/\/www.indef.com.ar\/?product=c-25","title":{"rendered":"C-25"},"content":{"rendered":"<div class=\"video-shortcode\"><iframe title=\"C-25 DH-101 (1250\u00b0C - 380V)\" width=\"1170\" height=\"658\" src=\"https:\/\/www.youtube.com\/embed\/rB8qT_vtEWE?feature=oembed\" frameborder=\"0\" allow=\"accelerometer; autoplay; clipboard-write; encrypted-media; gyroscope; picture-in-picture; web-share\" allowfullscreen><\/iframe><\/div>\n","protected":false},"excerpt":{"rendered":"<p>Medidas del crisol A 90: \u00d831,5cm. (boca) x 38cm. (alto) x \u00d822,5cm. (base).<br \/>\nCapacidad: 13,2 litros o 104,28kg. De bronce \/ 32,34kg. De aluminio.<br \/>\nPotencia: 22kw.<br \/>\nTemperatura m\u00e1xima: 1250\u00baC.<br \/>\nTemperatura m\u00e1xima de ba\u00f1o de fusi\u00f3n: 1200\u00baC.<br \/>\nAlimentaci\u00f3n: 3 x 380V c\/N.<br \/>\nPeso: 250kg.<br \/>\nDimensiones exteriores: 108cm. ancho x 100cm. alto x 106cm. profundo.<\/p>\n","protected":false},"featured_media":20435,"comment_status":"open","ping_status":"closed","template":"","meta":[],"product_cat":[134,96],"product_tag":[],"_links":{"self":[{"href":"https:\/\/www.indef.com.ar\/index.php?rest_route=\/wp\/v3\/product\/20434"}],"collection":[{"href":"https:\/\/www.indef.com.ar\/index.php?rest_route=\/wp\/v3\/product"}],"about":[{"href":"https:\/\/www.indef.com.ar\/index.php?rest_route=\/wp\/v2\/types\/product"}],"replies":[{"embeddable":true,"href":"https:\/\/www.indef.com.ar\/index.php?rest_route=%2Fwp%2Fv2%2Fcomments&post=20434"}],"wp:featuredmedia":[{"embeddable":true,"href":"https:\/\/www.indef.com.ar\/index.php?rest_route=\/wp\/v2\/media\/20435"}],"wp:attachment":[{"href":"https:\/\/www.indef.com.ar\/index.php?rest_route=%2Fwp%2Fv2%2Fmedia&parent=20434"}],"wp:term":[{"taxonomy":"product_cat","embeddable":true,"href":"https:\/\/www.indef.com.ar\/index.php?rest_route=%2Fwp%2Fv2%2Fproduct_cat&post=20434"},{"taxonomy":"product_tag","embeddable":true,"href":"https:\/\/www.indef.com.ar\/index.php?rest_route=%2Fwp%2Fv2%2Fproduct_tag&post=20434"}],"curies":[{"name":"wp","href":"https:\/\/api.w.org\/{rel}","templated":true}]}}